{"id":374,"date":"2021-11-11T21:00:22","date_gmt":"2021-11-11T20:00:22","guid":{"rendered":"https:\/\/www.home.ch\/?page_id=374"},"modified":"2023-02-01T11:26:10","modified_gmt":"2023-02-01T10:26:10","slug":"uber-uns","status":"publish","type":"page","link":"https:\/\/www.home.ch\/de\/uber-uns","title":{"rendered":"\u00dcber uns"},"content":{"rendered":"<p>Bei www.home.ch suchen Sie nicht, hier finden Sie! Gerne m\u00f6chten wir Ihnen dabei helfen, lhr Traumobjekt zu finden. Hierf\u00fcr erhalten Sie auf www.home.ch nicht nur passenden Angebote, sondern auch s\u00e4mtliche relevanten Informationen rund um das ausgesuchte Objekt. So k\u00f6nnen Sie in aller Ruhe abw\u00e4gen, was f\u00fcr Sie wichtig ist. Mit unserer einzigartigen Immobiliensuche k\u00f6nnen Sie Ihre Suchkriterien jederzeit ganz einfach und komfortabel anpassen, ohne eine vollkommen neue Suche absetzen zu m\u00fcssen.<\/p>\n<p>Die Plattform www.home.ch ist Teil der SMG Swiss Marketplace Group AG.<\/p>\n<p>Kontaktadresse:<br \/>\nSMG Swiss Marketplace Group AG<br \/>\nWerdstrasse 21<br \/>\nCH-8004 Z\u00fcrich<br \/>\nTelefon: +41 58 900 73 11 (Mo-Fr, 08:00 &#8211; 17:00 Uhr)<br \/>\nE-Mail: <a href=\"mailto:info@homegate.ch\">info@homegate.ch<\/a><\/p>\n","protected":false},"excerpt":{"rendered":"<p>Bei www.home.ch suchen Sie nicht, hier finden Sie! Gerne m\u00f6chten wir Ihnen dabei helfen, lhr Traumobjekt zu finden. Hierf\u00fcr erhalten Sie auf www.home.ch nicht nur passenden Angebote, sondern auch s\u00e4mtliche relevanten Informationen rund um das ausgesuchte Objekt. So k\u00f6nnen Sie in aller Ruhe abw\u00e4gen, was f\u00fcr Sie wichtig ist. Mit unserer einzigartigen Immobiliensuche k\u00f6nnen Sie [&hellip;]<\/p>\n","protected":false},"author":6,"featured_media":0,"parent":0,"menu_order":0,"comment_status":"closed","ping_status":"closed","template":"","meta":{"footnotes":""},"class_list":["post-374","page","type-page","status-publish","hentry"],"acf":[],"_links":{"self":[{"href":"https:\/\/www.home.ch\/de\/wp-json\/wp\/v2\/pages\/374","targetHints":{"allow":["GET"]}}],"collection":[{"href":"https:\/\/www.home.ch\/de\/wp-json\/wp\/v2\/pages"}],"about":[{"href":"https:\/\/www.home.ch\/de\/wp-json\/wp\/v2\/types\/page"}],"author":[{"embeddable":true,"href":"https:\/\/www.home.ch\/de\/wp-json\/wp\/v2\/users\/6"}],"replies":[{"embeddable":true,"href":"https:\/\/www.home.ch\/de\/wp-json\/wp\/v2\/comments?post=374"}],"version-history":[{"count":0,"href":"https:\/\/www.home.ch\/de\/wp-json\/wp\/v2\/pages\/374\/revisions"}],"wp:attachment":[{"href":"https:\/\/www.home.ch\/de\/wp-json\/wp\/v2\/media?parent=374"}],"curies":[{"name":"wp","href":"https:\/\/api.w.org\/{rel}","templated":true}]}}