{"id":237,"date":"2019-05-22T09:31:01","date_gmt":"2019-05-22T08:31:01","guid":{"rendered":"https:\/\/www.home.ch\/?page_id=237"},"modified":"2025-07-02T10:43:09","modified_gmt":"2025-07-02T09:43:09","slug":"categories","status":"publish","type":"page","link":"https:\/\/www.home.ch\/fr\/categories","title":{"rendered":"Cat\u00e9gories"},"content":{"rendered":"<div class=\"flex flex-col md:flex-row gap-8 px-4\">\n  <!-- Rent Categories --><\/p>\n<div class=\"flex-1\">\n<h2 class=\"text-xl font-semibold mb-4\">Cat\u00e9gories louer<\/h2>\n<div class=\"mb-4\">\n<p><a href=\"\/de\/mieten\/wohnung\" class=\"font-semibold text-home-ch hover:underline\">Appartement \u00e0 louer<\/a><\/p>\n<p><a href=\"\/de\/mieten\/wohnung\/souscategorie-appartement-duplex\" class=\"block text-home-ch hover:underline\">Duplex \u00e0 louer<\/a><\/p>\n<p><a href=\"\/de\/mieten\/wohnung\/souscategorie-appartement-attique\" class=\"block text-home-ch hover:underline\">Attique \u00e0 louer<\/a><\/p>\n<p><a href=\"\/de\/mieten\/wohnung\/souscategorie-appartement-dernier-etage\" class=\"block text-home-ch hover:underline\">Dernier e\u0301tage \u00e0 louer<\/a><\/p>\n<p><a href=\"\/de\/mieten\/wohnung\/souscategorie-appartement-terasse\" class=\"block text-home-ch hover:underline\">Appartement terrasse \u00e0 louer<\/a><\/p>\n<p><a href=\"\/de\/mieten\/wohnung\/souscategorie-loft\" class=\"block text-home-ch hover:underline\">Loft \u00e0 louer<\/a><\/p>\n<\/p><\/div>\n<div class=\"mb-4\">\n      <a href=\"\/fr\/louer\/maison\" class=\"font-semibold text-home-ch hover:underline\">Maison \u00e0 louer<\/a><\/p>\n<div class=\"ml-4 mt-1 space-y-1 text-sm\">\n<p><a href=\"\/fr\/louer\/maison\/souscategorie-maison\" class=\"block text-home-ch hover:underline\">Maison \u00e0 louer<\/a><\/p>\n<p><a href=\"\/fr\/louer\/maison\/souscategorie-villa\" class=\"block text-home-ch hover:underline\">Villa \u00e0 louer<\/a><\/p>\n<p><a href=\"\/fr\/louer\/maison\/souscategorie-chalet\" class=\"block text-home-ch hover:underline\">Chalet \u00e0 louer<\/a><\/p>\n<p><a href=\"\/fr\/louer\/maison\/souscategorie-maisoin-double\" class=\"block text-home-ch hover:underline\">Maison double \u00e0 louer<\/a><\/p>\n<p><a href=\"\/fr\/louer\/maison\/souscategorie-ferme\" class=\"block text-home-ch hover:underline\">Ferme \u00e0 louer<\/a><\/p>\n<p><a href=\"\/fr\/louer\/maison\/souscategorie-rustico\" class=\"block text-home-ch hover:underline\">Rustico \u00e0 louer<\/a><\/p>\n<\/p><\/div>\n<\/p><\/div>\n<div class=\"mb-4\">\n      <a href=\"\/fr\/louer\/appartement_et_maison\" class=\"font-semibold text-home-ch hover:underline\">Apartment and house \u00e0 louer<\/a><\/p>\n<div class=\"ml-4 mt-1 space-y-1 text-sm\">\n<p><a href=\"\/fr\/louer\/appartement_et_maison\/souscategorie-appartement-duplex\" class=\"block text-home-ch hover:underline\">Duplex \u00e0 louer<\/a><\/p>\n<p><a href=\"\/fr\/louer\/appartement_et_maison\/souscategorie-appartement-attique\" class=\"block text-home-ch hover:underline\">Attique \u00e0 louer<\/a><\/p>\n<p><a href=\"\/fr\/louer\/appartement_et_maison\/souscategorie-appartement-dernier-etage\" class=\"block text-home-ch hover:underline\">Dernier \u00e9tage \u00e0 louer<\/a><\/p>\n<p><a href=\"\/fr\/louer\/appartement_et_maison\/souscategorie-appartement-terasse\" class=\"block text-home-ch hover:underline\">Appartement terrasse \u00e0 louer<\/a><\/p>\n<p><a href=\"\/fr\/louer\/appartement_et_maison\/souscategorie-loft\" class=\"block text-home-ch hover:underline\">Loft \u00e0 louer<\/a><\/p>\n<p><a href=\"\/fr\/louer\/appartement_et_maison\/souscategorie-maison\" class=\"block text-home-ch hover:underline\">Maison \u00e0 louer<\/a><\/p>\n<p><a href=\"\/fr\/louer\/appartement_et_maison\/souscategorie-villa\" class=\"block text-home-ch hover:underline\">Villa \u00e0 louer<\/a><\/p>\n<p><a href=\"\/fr\/louer\/appartement_et_maison\/souscategorie-chalet\" class=\"block text-home-ch hover:underline\">Chalet \u00e0 louer<\/a><\/p>\n<p><a href=\"\/fr\/louer\/appartement_et_maison\/souscategorie-maisoin-double\" class=\"block text-home-ch hover:underline\">Maison double \u00e0 louer<\/a><\/p>\n<p><a href=\"\/fr\/louer\/appartement_et_maison\/souscategorie-ferme\" class=\"block text-home-ch hover:underline\">Ferme \u00e0 louer<\/a><\/p>\n<p><a href=\"\/fr\/louer\/appartement_et_maison\/souscategorie-rustico\" class=\"block text-home-ch hover:underline\">Rustico \u00e0 louer<\/a><\/p>\n<\/p><\/div>\n<\/p><\/div>\n<div class=\"mb-4\">\n      <a href=\"\/fr\/louer\/place-de-parc\" class=\"font-semibold text-home-ch hover:underline\">Place de parc, garage \u00e0 louer<\/a><\/p>\n<div class=\"ml-4 mt-1 space-y-1 text-sm\">\n<p><a href=\"\/fr\/louer\/place-de-parc\/souscategorie-garage-individuel\" class=\"block text-home-ch hover:underline\">Garage individuel \u00e0 louer<\/a><\/p>\n<p><a href=\"\/fr\/louer\/place-de-parc\/souscategorie-place-souterrain\" class=\"block text-home-ch hover:underline\">Place souterraine \u00e0 louer<\/a><\/p>\n<p><a href=\"\/fr\/louer\/place-de-parc\/souscategorie-garage-double\" class=\"block text-home-ch hover:underline\">Garage double \u00e0 louer<\/a><\/p>\n<p><a href=\"\/fr\/louer\/place-de-parc\/souscategorie-place-ouverte\" class=\"block text-home-ch hover:underline\">Place ouverte \u00e0 louer<\/a><\/p>\n<p><a href=\"\/fr\/louer\/place-de-parc\/souscategorie-place-couverte\" class=\"block text-home-ch hover:underline\">Place couverte \u00e0 louer<\/a><\/p>\n<\/p><\/div>\n<\/p><\/div>\n<div class=\"mb-4\">\n      <a href=\"\/fr\/louer\/commerce-industrie\" class=\"font-semibold text-home-ch hover:underline\">Commerce et industrie \u00e0 louer<\/a><\/p>\n<div class=\"ml-4 mt-1 space-y-1 text-sm\">\n<p><a href=\"\/fr\/louer\/commerce-industrie\/souscategorie-surface-de-vente\" class=\"block text-home-ch hover:underline\">Commerce et industrie \u00e0 louer<\/a><\/p>\n<p><a href=\"\/fr\/louer\/commerce-industrie\/souscategorie-commerce\" class=\"block text-home-ch hover:underline\">Commerce \u00e0 louer<\/a><\/p>\n<p><a href=\"\/fr\/louer\/commerce-industrie\/souscategorie-restaurant\" class=\"block text-home-ch hover:underline\">Restaurant \u00e0 louer<\/a><\/p>\n<p><a href=\"\/fr\/louer\/commerce-industrie\/souscategorie-cafe\" class=\"block text-home-ch hover:underline\">Caf\u00e9 \u00e0 louer<\/a><\/p>\n<p><a href=\"\/fr\/louer\/commerce-industrie\/souscategorie-atelier-artisanal\" class=\"block text-home-ch hover:underline\">Atelier artisanal \u00e0 louer<\/a><\/p>\n<p><a href=\"\/fr\/louer\/commerce-industrie\/souscategorie-atelier\" class=\"block text-home-ch hover:underline\">Atelier \u00e0 louer<\/a><\/p>\n<p><a href=\"\/fr\/louer\/commerce-industrie\/souscategorie-parking-a-etages\" class=\"block text-home-ch hover:underline\">Parking \u00e0 \u00e9tages \u00e0 louer<\/a><\/p>\n<p><a href=\"\/fr\/louer\/commerce-industrie\/souscategorie-cabinet-medical\" class=\"block text-home-ch hover:underline\">Cabinet m\u00e9dical \u00e0 louer<\/a><\/p>\n<p><a href=\"\/fr\/louer\/commerce-industrie\/souscategorie-bar\" class=\"block text-home-ch hover:underline\">Bar \u00e0 louer<\/a><\/p>\n<p><a href=\"\/fr\/louer\/commerce-industrie\/souscategorie-fabrique\" class=\"block text-home-ch hover:underline\">Fabrique \u00e0 louer<\/a><\/p>\n<p><a href=\"\/fr\/louer\/commerce-industrie\/souscategorie-objet-industriel\" class=\"block text-home-ch hover:underline\">Objet industriel \u00e0 louer<\/a><\/p>\n<p><a href=\"\/fr\/louer\/commerce-industrie\/souscategorie-commercial\" class=\"block text-home-ch hover:underline\">Commercial \u00e0 louer<\/a><\/p>\n<\/p><\/div>\n<\/p><\/div>\n<div class=\"mb-4\">\n      <a href=\"\/fr\/louer\/depot\" class=\"font-semibold text-home-ch hover:underline\">D\u00e9p\u00f4t \u00e0 louer<\/a>\n    <\/div>\n<div class=\"mb-4\">\n      <a href=\"\/fr\/louer\/bureau\" class=\"font-semibold text-home-ch hover:underline\">Bureau \u00e0 louer<\/a>\n    <\/div>\n<div class=\"mb-4\">\n      <a href=\"\/fr\/louer\/logement_meuble\" class=\"font-semibold text-home-ch hover:underline\">Logement meubl\u00e9 \u00e0 louer<\/a>\n    <\/div>\n<\/p><\/div>\n<p>  <!-- Buy Categories --><\/p>\n<div class=\"flex-1\">\n<h2 class=\"text-xl font-semibold mb-4\">Cat\u00e9gories acheter<\/h2>\n<div class=\"mb-4\">\n      <a href=\"\/fr\/acheter\/appartement\" class=\"font-semibold text-home-ch hover:underline\">Appartement \u00e0 vendre<\/a><\/p>\n<div class=\"ml-4 mt-1 space-y-1 text-sm\">\n<p><a href=\"\/fr\/acheter\/appartement\/souscategorie-appartement-duplex\" class=\"block text-home-ch hover:underline\">Duplex \u00e0 vendre<\/a><\/p>\n<p><a href=\"\/fr\/acheter\/appartement\/souscategorie-appartement-attique\" class=\"block text-home-ch hover:underline\">Attique \u00e0 vendre<\/a><\/p>\n<p><a href=\"\/fr\/acheter\/appartement\/souscategorie-appartement-dernier-etage\" class=\"block text-home-ch hover:underline\">Dernier \u00e9tage \u00e0 vendre<\/a><\/p>\n<p><a href=\"\/fr\/acheter\/appartement\/souscategorie-appartement-terasse\" class=\"block text-home-ch hover:underline\">Appartement terrasse \u00e0 vendre<\/a><\/p>\n<p><a href=\"\/fr\/acheter\/appartement\/souscategorie-loft\" class=\"block text-home-ch hover:underline\">Loft \u00e0 vendre<\/a><\/p>\n<\/p><\/div>\n<\/p><\/div>\n<div class=\"mb-4\">\n      <a href=\"\/fr\/acheter\/maison\" class=\"font-semibold text-home-ch hover:underline\">Maison \u00e0 vendre<\/a><\/p>\n<div class=\"ml-4 mt-1 space-y-1 text-sm\">\n<p><a href=\"\/fr\/acheter\/maison\/souscategorie-maison\" class=\"block text-home-ch hover:underline\">Maison \u00e0 vendre<\/a><\/p>\n<p><a href=\"\/fr\/acheter\/maison\/souscategorie-villa\" class=\"block text-home-ch hover:underline\">Villa \u00e0 vendre<\/a><\/p>\n<p><a href=\"\/fr\/acheter\/maison\/souscategorie-chalet\" class=\"block text-home-ch hover:underline\">Chalet \u00e0 vendre<\/a><\/p>\n<p><a href=\"\/fr\/acheter\/maison\/souscategorie-maisoin-double\" class=\"block text-home-ch hover:underline\">Maison double \u00e0 vendre<\/a><\/p>\n<p><a href=\"\/fr\/acheter\/maison\/souscategorie-ferme\" class=\"block text-home-ch hover:underline\">Ferme \u00e0 vendre<\/a><\/p>\n<p><a href=\"\/fr\/acheter\/maison\/souscategorie-rustico\" class=\"block text-home-ch hover:underline\">Rustico \u00e0 vendre<\/a><\/p>\n<\/p><\/div>\n<\/p><\/div>\n<div class=\"mb-4\">\n      <a href=\"\/fr\/acheter\/appartement_et_maison\" class=\"font-semibold text-home-ch hover:underline\">Apartment and house \u00e0 vendre<\/a><\/p>\n<div class=\"ml-4 mt-1 space-y-1 text-sm\">\n<p><a href=\"\/fr\/acheter\/appartement_et_maison\/souscategorie-appartement-duplex\" class=\"block text-home-ch hover:underline\">Duplex \u00e0 vendre<\/a><\/p>\n<p><a href=\"\/fr\/acheter\/appartement_et_maison\/souscategorie-appartement-attique\" class=\"block text-home-ch hover:underline\">Attique \u00e0 vendre<\/a><\/p>\n<p><a href=\"\/fr\/acheter\/appartement_et_maison\/souscategorie-appartement-dernier-etage\" class=\"block text-home-ch hover:underline\">Dernier \u00e9tage \u00e0 vendre<\/a><\/p>\n<p><a href=\"\/fr\/acheter\/appartement_et_maison\/souscategorie-appartement-terasse\" class=\"block text-home-ch hover:underline\">Appartement terrasse \u00e0 vendre<\/a><\/p>\n<p><a href=\"\/fr\/acheter\/appartement_et_maison\/souscategorie-loft\" class=\"block text-home-ch hover:underline\">Loft \u00e0 vendre<\/a><\/p>\n<p><a href=\"\/fr\/acheter\/appartement_et_maison\/souscategorie-maison\" class=\"block text-home-ch hover:underline\">Maison \u00e0 vendre<\/a><\/p>\n<p><a href=\"\/fr\/acheter\/appartement_et_maison\/souscategorie-villa\" class=\"block text-home-ch hover:underline\">Villa \u00e0 vendre<\/a><\/p>\n<p><a href=\"\/fr\/acheter\/appartement_et_maison\/souscategorie-chalet\" class=\"block text-home-ch hover:underline\">Chalet \u00e0 vendre<\/a><\/p>\n<p><a href=\"\/fr\/acheter\/appartement_et_maison\/souscategorie-maisoin-double\" class=\"block text-home-ch hover:underline\">Maison double \u00e0 vendre<\/a><\/p>\n<p><a href=\"\/fr\/acheter\/appartement_et_maison\/souscategorie-ferme\" class=\"block text-home-ch hover:underline\">Ferme \u00e0 vendre<\/a><\/p>\n<p><a href=\"\/fr\/acheter\/appartement_et_maison\/souscategorie-rustico\" class=\"block text-home-ch hover:underline\">Rustico \u00e0 vendre<\/a><\/p>\n<\/p><\/div>\n<\/p><\/div>\n<div class=\"mb-4\">\n      <a href=\"\/fr\/acheter\/place-de-parc\" class=\"font-semibold text-home-ch hover:underline\">Place de parc, garage \u00e0 vendre<\/a><\/p>\n<div class=\"ml-4 mt-1 space-y-1 text-sm\">\n<p><a href=\"\/fr\/acheter\/place-de-parc\/souscategorie-garage-individuel\" class=\"block text-home-ch hover:underline\">Garage individuel \u00e0 vendre<\/a><\/p>\n<p><a href=\"\/fr\/acheter\/place-de-parc\/souscategorie-place-souterrain\" class=\"block text-home-ch hover:underline\">Place souterraine \u00e0 vendre<\/a><\/p>\n<p><a href=\"\/fr\/acheter\/place-de-parc\/souscategorie-garage-double\" class=\"block text-home-ch hover:underline\">Garage double \u00e0 vendre<\/a><\/p>\n<p><a href=\"\/fr\/acheter\/place-de-parc\/souscategorie-place-ouverte\" class=\"block text-home-ch hover:underline\">Place ouverte \u00e0 vendre<\/a><\/p>\n<p><a href=\"\/fr\/acheter\/place-de-parc\/souscategorie-place-couverte\" class=\"block text-home-ch hover:underline\">Place couverte \u00e0 vendre<\/a><\/p>\n<\/p><\/div>\n<\/p><\/div>\n<div class=\"mb-4\">\n      <a href=\"\/fr\/acheter\/commerce-industrie\" class=\"font-semibold text-home-ch hover:underline\">Commerce et industrie \u00e0 vendre<\/a><\/p>\n<div class=\"ml-4 mt-1 space-y-1 text-sm\">\n<p><a href=\"\/fr\/acheter\/commerce-industrie\/souscategorie-surface-de-vente\" class=\"block text-home-ch hover:underline\">Commerce et industrie \u00e0 vendre<\/a><\/p>\n<p><a href=\"\/fr\/acheter\/commerce-industrie\/souscategorie-commerce\" class=\"block text-home-ch hover:underline\">Commerce \u00e0 vendre<\/a><\/p>\n<p><a href=\"\/fr\/acheter\/commerce-industrie\/souscategorie-restaurant\" class=\"block text-home-ch hover:underline\">Restaurant \u00e0 vendre<\/a><\/p>\n<p><a href=\"\/fr\/acheter\/commerce-industrie\/souscategorie-cafe\" class=\"block text-home-ch hover:underline\">Caf\u00e9 \u00e0 vendre<\/a><\/p>\n<p><a href=\"\/fr\/acheter\/commerce-industrie\/souscategorie-atelier-artisanal\" class=\"block text-home-ch hover:underline\">Atelier artisanal \u00e0 vendre<\/a><\/p>\n<p><a href=\"\/fr\/acheter\/commerce-industrie\/souscategorie-atelier\" class=\"block text-home-ch hover:underline\">Atelier \u00e0 vendre<\/a><\/p>\n<p><a href=\"\/fr\/acheter\/commerce-industrie\/souscategorie-parking-a-etages\" class=\"block text-home-ch hover:underline\">Parking \u00e0 \u00e9tages \u00e0 vendre<\/a><\/p>\n<p><a href=\"\/fr\/acheter\/commerce-industrie\/souscategorie-cabinet-medical\" class=\"block text-home-ch hover:underline\">Cabinet m\u00e9dical \u00e0 vendre<\/a><\/p>\n<p><a href=\"\/fr\/acheter\/commerce-industrie\/souscategorie-bar\" class=\"block text-home-ch hover:underline\">Bar \u00e0 vendre<\/a><\/p>\n<p><a href=\"\/fr\/acheter\/commerce-industrie\/souscategorie-fabrique\" class=\"block text-home-ch hover:underline\">Fabrique \u00e0 vendre<\/a><\/p>\n<p><a href=\"\/fr\/acheter\/commerce-industrie\/souscategorie-objet-industriel\" class=\"block text-home-ch hover:underline\">Objet industriel \u00e0 vendre<\/a><\/p>\n<p><a href=\"\/fr\/acheter\/commerce-industrie\/souscategorie-commercial\" class=\"block text-home-ch hover:underline\">Commercial \u00e0 vendre<\/a><\/p>\n<\/p><\/div>\n<\/p><\/div>\n<div class=\"mb-4\">\n      <a href=\"\/fr\/acheter\/terrain-a-batir\" class=\"font-semibold text-home-ch hover:underline\">Terrain \u00e0 b\u00e2tir \u00e0 vendre<\/a>\n    <\/div>\n<div class=\"mb-4\">\n      <a href=\"\/fr\/acheter\/immeuble_locatif\" class=\"font-semibold text-home-ch hover:underline\">Immeuble locatif \u00e0 vendre<\/a>\n    <\/div>\n<div class=\"mb-4\">\n      <a href=\"\/fr\/acheter\/immeuble_commercial_et_residentiel\" class=\"font-semibold text-home-ch hover:underline\">Immeuble commercial et r\u00e9sidentiel \u00e0 vendre<\/a>\n    <\/div>\n<\/p><\/div>\n<\/div>\n","protected":false},"excerpt":{"rendered":"<p>Cat\u00e9gories louer Appartement \u00e0 louer Duplex \u00e0 louer Attique \u00e0 louer Dernier e\u0301tage \u00e0 louer Appartement terrasse \u00e0 louer Loft \u00e0 louer Maison \u00e0 louer Maison \u00e0 louer Villa \u00e0 louer Chalet \u00e0 louer Maison double \u00e0 louer Ferme \u00e0 louer Rustico \u00e0 louer Apartment and house \u00e0 louer Duplex \u00e0 louer Attique \u00e0 louer [&hellip;]<\/p>\n","protected":false},"author":6,"featured_media":0,"parent":0,"menu_order":0,"comment_status":"closed","ping_status":"closed","template":"","meta":{"footnotes":""},"class_list":["post-237","page","type-page","status-publish","hentry"],"acf":[],"_links":{"self":[{"href":"https:\/\/www.home.ch\/fr\/wp-json\/wp\/v2\/pages\/237","targetHints":{"allow":["GET"]}}],"collection":[{"href":"https:\/\/www.home.ch\/fr\/wp-json\/wp\/v2\/pages"}],"about":[{"href":"https:\/\/www.home.ch\/fr\/wp-json\/wp\/v2\/types\/page"}],"author":[{"embeddable":true,"href":"https:\/\/www.home.ch\/fr\/wp-json\/wp\/v2\/users\/6"}],"replies":[{"embeddable":true,"href":"https:\/\/www.home.ch\/fr\/wp-json\/wp\/v2\/comments?post=237"}],"version-history":[{"count":0,"href":"https:\/\/www.home.ch\/fr\/wp-json\/wp\/v2\/pages\/237\/revisions"}],"wp:attachment":[{"href":"https:\/\/www.home.ch\/fr\/wp-json\/wp\/v2\/media?parent=237"}],"curies":[{"name":"wp","href":"https:\/\/api.w.org\/{rel}","templated":true}]}}